{"id":13,"date":"2015-06-25T15:50:00","date_gmt":"2015-06-25T13:50:00","guid":{"rendered":"http:\/\/192.168.29.158:8080\/intern\/wordpress\/?page_id=13"},"modified":"2018-05-22T13:02:21","modified_gmt":"2018-05-22T11:02:21","slug":"datenschutz","status":"publish","type":"page","link":"https:\/\/www.polk.at\/extHTML\/wordpress\/datenschutz\/","title":{"rendered":"Datenschutz"},"content":{"rendered":"<table width=\"605\">\n<tbody>\n<tr>\n<td>\n<div>\n<p><strong>Erkl\u00e4rung zum Datenschutz<\/strong><\/p>\n<p><a target=_blank href=\"http:\/\/WWW.polk.at\/extHTML\/agb\/pflicht-DS-GVO.pdf\">Pflichtinformationen_gem. DS_GVO<\/a><\/p>\n<p>Der Schutz der Privatsph\u00e4re des Einzelnen im Internet ist von entscheidender Bedeutung f\u00fcr die Zukunft von Gesch\u00e4ftsabwicklungen. Wir m\u00f6chten mit dieser Erkl\u00e4rung zum Datenschutz sein Engagement f\u00fcr den sicheren und vertrauensw\u00fcrdigen Handel im Internet und zum Schutz der Privatsph\u00e4re und des Pers\u00f6nlichkeitsrechts des Einzelnen unterstreichen.<\/p>\n<p>Einwilligung:<br \/>\nMit der Nutzung unserer Website stimmen Sie der unter dieser Erkl\u00e4rung beschriebenen Speicherung und Nutzung ihrer Daten zu. \u00c4nderungen an dieser Datenschutzerkl\u00e4rung werden direkt auf dieser Seite vorgenommen, so dass Sie immer dar\u00fcber informiert sind, welche Daten gespeichert und genutzt werden.<\/p>\n<p>Verwendung pers\u00f6nlicher Daten:<br \/>\nDas Speichern von personenbezogenen Daten \u00fcber unsere Websites unterliegt Ihrer vorherigen Zustimmung. Damit entscheiden Sie allein, ob Sie uns z. B. bei einer Registrierung die dort abgefragten Daten bekannt geben.<br \/>\n\u00dcbermittlungen an Dritte erfolgen nur mit Ihrer ausdr\u00fccklichen Zustimmung, es sei denn, eine Weitergabe ist durch geltende Rechtsvorschriften legitimiert. Ihre Daten werden nur zu den im Folgenden n\u00e4her beschriebenen Zwecken verwendet.<\/p>\n<p>Datenschutz:<br \/>\nJeder Mitarbeiter, der Kenntnis \u00fcber Ihre Daten erlangt, wird auf den Datenschutz und die Geheimhaltung verpflichtet.<\/p>\n<p>Sicherheit:<br \/>\nWir erm\u00f6glichen Ihnen auf der Basis von State-of-the-Art-Security-Technologie, dass Sie Ihre Online-Gesch\u00e4fte komfortabel und sicher abwickeln k\u00f6nnen. Es werden die aktuellen Sicherheitsma\u00dfnahmen eingesetzt, um Missbrauch zu verhindern.<\/p>\n<p>Sammeln von Informationen:<br \/>\nIP-Adressen werden f\u00fcr Problemdiagnosen, Website-Verwaltung und demographische Informationen ben\u00f6tigt. Wenn Sie unsere Site besuchen, erkennen wir nur Ihren Dom\u00e4nennamen, nicht aber Ihre E-Mail-Adresse. Wir sehen Ihre E-Mail-Adresse nur dann, wenn Sie uns diese durch Ausf\u00fcllen eines Formulars oder Senden einer E-Mail direkt angeben.<\/p>\n<p>Cookies werden f\u00fcr personalisierte Inhalte, zur Vermeidung wiederholter Passworteingabe, zur Verfolgung eines Einkaufswagens oder zur Anpassung des Informationsangebots an das Benutzerverhalten verwendet.<\/p>\n<p>Wenn Sie sich registrieren, werden wir die angeforderten Informationen und\/oder Produkte sowie sonstige Produktinformationen, Nachrichten oder Werbematerialien zusenden.<\/p>\n<p>Wenn Sie uns Ihre E-Mail-Adresse angeben, kommunizieren wir mit Ihnen \u00fcber E-Mail. Wir werden Ihre E-Mail-Adresse nicht an Dritte weitergeben. Wenn Sie keine E-Mails von uns mehr erhalten wollen, so k\u00f6nnen Sie diese jederzeit abstellen.<br \/>\nBei der Versendung einer E-Mail k\u00f6nnen, je nach der Einstellung Ihres E-Mail-Programms, automatisch personenbezogene Daten \u00fcbermittelt werden. Wir werden diese ebenfalls vertraulich behandeln. Sollten Sie sich f\u00fcr Services von Dritten registrieren, ist es eventuell erforderlich, Teile der Registrierungsinformationen an den jeweiligen Serviceanbieter zu \u00fcbermitteln, wie z.B. Ihre E-Mail-Adresse. Dies erfolgt nur, wenn dies im Rahmen des von Ihnen angeforderten Services erforderlich ist.<\/p>\n<p>Links auf andere Sites:<br \/>\nUnsere Website enth\u00e4lt unter Umst\u00e4nden Links auf andere Sites von Drittanbietern. Wir sind nicht verantwortlich f\u00fcr die Datenschutzvorkehrungen oder den Inhalt dieser anderen Websites.<\/p>\n<p>Opt-out:<br \/>\nWenn Sie keine E-Mail-Nachrichten mehr erhalten wollen, k\u00f6nnen Sie jederzeit die zuvor erteilte Genehmigung widerrufen. Um aus der E-Mail-Liste oder Web-Registrierungsdatenbank entfernt zu werden, reicht eine E-Mail-Nachricht aus.<\/p>\n<p>Ing. B\u00fcro Polk &#8211; Ing. B\u00fcro Seiler, 2018<\/p>\n<\/div>\n<\/td>\n<\/tr>\n<\/tbody>\n<\/table>\n","protected":false},"excerpt":{"rendered":"<p>Erkl\u00e4rung zum Datenschutz Pflichtinformationen_gem. DS_GVO Der Schutz der Privatsph\u00e4re des Einzelnen im Internet ist von entscheidender Bedeutung f\u00fcr die Zukunft von Gesch\u00e4ftsabwicklungen. Wir m\u00f6chten mit dieser Erkl\u00e4rung zum Datenschutz sein Engagement f\u00fcr den sicheren und vertrauensw\u00fcrdigen Handel im Internet und<span class=\"ellipsis\">&hellip;<\/span><\/p>\n<div class=\"read-more\"><a href=\"https:\/\/www.polk.at\/extHTML\/wordpress\/datenschutz\/\">Weiterlesen \u203a<\/a><\/div>\n<p><!-- end of .read-more --><\/p>\n","protected":false},"author":1,"featured_media":0,"parent":0,"menu_order":0,"comment_status":"closed","ping_status":"closed","template":"full-width-page.php","meta":[],"yoast_head":"<!-- This site is optimized with the Yoast SEO plugin v15.5 - https:\/\/yoast.com\/wordpress\/plugins\/seo\/ -->\n<title>Datenschutz - Ing. B\u00fcro Polk - Ing. B\u00fcro Seiler<\/title>\n<meta name=\"robots\" content=\"index, follow, max-snippet:-1, max-image-preview:large, max-video-preview:-1\" \/>\n<link rel=\"canonical\" href=\"https:\/\/www.polk.at\/extHTML\/wordpress\/datenschutz\/\" \/>\n<meta property=\"og:locale\" content=\"de_DE\" \/>\n<meta property=\"og:type\" content=\"article\" \/>\n<meta property=\"og:title\" content=\"Datenschutz - Ing. B\u00fcro Polk - Ing. B\u00fcro Seiler\" \/>\n<meta property=\"og:description\" content=\"Erkl\u00e4rung zum Datenschutz Pflichtinformationen_gem. DS_GVO Der Schutz der Privatsph\u00e4re des Einzelnen im Internet ist von entscheidender Bedeutung f\u00fcr die Zukunft von Gesch\u00e4ftsabwicklungen. Wir m\u00f6chten mit dieser Erkl\u00e4rung zum Datenschutz sein Engagement f\u00fcr den sicheren und vertrauensw\u00fcrdigen Handel im Internet und&hellip;Weiterlesen \u203a\" \/>\n<meta property=\"og:url\" content=\"https:\/\/www.polk.at\/extHTML\/wordpress\/datenschutz\/\" \/>\n<meta property=\"og:site_name\" content=\"Ing. B\u00fcro Polk - Ing. B\u00fcro Seiler\" \/>\n<meta property=\"article:modified_time\" content=\"2018-05-22T11:02:21+00:00\" \/>\n<meta name=\"twitter:card\" content=\"summary\" \/>\n<meta name=\"twitter:label1\" content=\"Gesch\u00e4tzte Lesezeit\">\n\t<meta name=\"twitter:data1\" content=\"2\u00a0Minuten\">\n<script type=\"application\/ld+json\" class=\"yoast-schema-graph\">{\"@context\":\"https:\/\/schema.org\",\"@graph\":[{\"@type\":\"WebSite\",\"@id\":\"https:\/\/www.polk.at\/extHTML\/wordpress\/#website\",\"url\":\"https:\/\/www.polk.at\/extHTML\/wordpress\/\",\"name\":\"Ing. B\\u00fcro Polk - Ing. B\\u00fcro Seiler\",\"description\":\"Ingenieurb\\u00fcro f\\u00fcr innovative EDV Technik\",\"potentialAction\":[{\"@type\":\"SearchAction\",\"target\":\"https:\/\/www.polk.at\/extHTML\/wordpress\/?s={search_term_string}\",\"query-input\":\"required name=search_term_string\"}],\"inLanguage\":\"de\"},{\"@type\":\"WebPage\",\"@id\":\"https:\/\/www.polk.at\/extHTML\/wordpress\/datenschutz\/#webpage\",\"url\":\"https:\/\/www.polk.at\/extHTML\/wordpress\/datenschutz\/\",\"name\":\"Datenschutz - Ing. B\\u00fcro Polk - Ing. B\\u00fcro Seiler\",\"isPartOf\":{\"@id\":\"https:\/\/www.polk.at\/extHTML\/wordpress\/#website\"},\"datePublished\":\"2015-06-25T13:50:00+00:00\",\"dateModified\":\"2018-05-22T11:02:21+00:00\",\"inLanguage\":\"de\",\"potentialAction\":[{\"@type\":\"ReadAction\",\"target\":[\"https:\/\/www.polk.at\/extHTML\/wordpress\/datenschutz\/\"]}]}]}<\/script>\n<!-- \/ Yoast SEO plugin. -->","_links":{"self":[{"href":"https:\/\/www.polk.at\/extHTML\/wordpress\/wp-json\/wp\/v2\/pages\/13"}],"collection":[{"href":"https:\/\/www.polk.at\/extHTML\/wordpress\/wp-json\/wp\/v2\/pages"}],"about":[{"href":"https:\/\/www.polk.at\/extHTML\/wordpress\/wp-json\/wp\/v2\/types\/page"}],"author":[{"embeddable":true,"href":"https:\/\/www.polk.at\/extHTML\/wordpress\/wp-json\/wp\/v2\/users\/1"}],"replies":[{"embeddable":true,"href":"https:\/\/www.polk.at\/extHTML\/wordpress\/wp-json\/wp\/v2\/comments?post=13"}],"version-history":[{"count":6,"href":"https:\/\/www.polk.at\/extHTML\/wordpress\/wp-json\/wp\/v2\/pages\/13\/revisions"}],"predecessor-version":[{"id":178,"href":"https:\/\/www.polk.at\/extHTML\/wordpress\/wp-json\/wp\/v2\/pages\/13\/revisions\/178"}],"wp:attachment":[{"href":"https:\/\/www.polk.at\/extHTML\/wordpress\/wp-json\/wp\/v2\/media?parent=13"}],"curies":[{"name":"wp","href":"https:\/\/api.w.org\/{rel}","templated":true}]}}