{"id":147,"date":"2017-02-28T09:28:57","date_gmt":"2017-02-28T07:28:57","guid":{"rendered":"http:\/\/www.polk.at\/extHTML\/wordpress\/?page_id=147"},"modified":"2018-03-21T10:51:16","modified_gmt":"2018-03-21T08:51:16","slug":"office-365","status":"publish","type":"page","link":"https:\/\/www.polk.at\/extHTML\/wordpress\/","title":{"rendered":"Office 365"},"content":{"rendered":"<div>\n<p>Es ist kaum zu glauben, aber viele verbinden mit Office 365 lediglich die \u00fcblichen Office Programme wie z.B. Word, Excel, Power Point und Outlook die monatlich oder j\u00e4hrlich abgerechnet werden und als Cloud Service laufen. Dabei ist Office 365 je nach gew\u00e4hltem Produkt (der sogenannte Plan) eine komplette EDV Infrastruktur f\u00fcr ein Unternehmen. Lokale Anwendungen und Clouddienste sorgen daf\u00fcr, dass jeder Mitarbeiter von praktisch jedem Ort und Endger\u00e4t arbeiten kann.<\/p>\n<p>Die Vorhaltung von lokaler Serverhardware sowie die Resourcen f\u00fcr den Betrieb der Plattformen k\u00f6nnen entfallen. Bei richtiger Planung und Ausf\u00fchrung geht das zugunsten der TCO.<\/p>\n<p>Was nicht verschwiegen werden soll: wo Licht ist, ist auch Schatten.<\/p>\n<p>Hier ein Beispiel:<\/p>\n<div style='background-color:#EA3B00;color:#FFFFFF;padding-left:5px'>\n<p>Ihr Unternehmen hat viele externe und freie Mitarbeiter. Diese ben\u00f6tigen Email Adressen Ihrer Domain, aber kein kostenpflichtiges Office 365 Abonnement. Dies ist im ersten Moment nicht vorgesehen, da Sie Ihre Domain an Microsoft &#8220;abgegeben&#8221; haben. Die g\u00fcnstigste L\u00f6sung bei Microsoft kostet ab 40,00 \u20ac\/Email-Postfach\/Jahr zuz\u00fcgl. Mwst. (Exchange Online Plan 1).<\/p>\n<p>Wir wissen, wie es anders geht &#8211; haben es nat\u00fcrlich im Einsatz &#8211; und k\u00f6nnen dies auch f\u00fcr Sie umsetzen! Wie auch den effektiven Einsatz von Office 365 f\u00fcr Ihr Unternehmen&#8230;!<\/p>\n<\/div>\n<\/div>\n<div id='dccn-emdedDEoffice365'><\/div>\n<p><script type='text\/javascript'>\nvar ccs_cc_args = ccs_cc_args || [];\n(function () {\n\u00a0\u00a0\u00a0var o = ccs_cc_args; o.push(['_SKey', '1ccf989d']); o.push(['_ZoneId', 'emdedDEoffice365']); \n\u00a0\u00a0\u00a0var sc = document.createElement('script'); sc.type = 'text\/javascript'; sc.async = true;\n\u00a0\u00a0\u00a0sc.src = ('https:' == document.location.protocol ? 'https:\/\/' : 'http:\/\/') + 'cdn.cnetcontent.com\/jsc\/h.js';\n\u00a0\u00a0\u00a0var n = document.getElementsByTagName('script')[0]; n.parentNode.insertBefore(sc, n);\n})();\n<\/script> <\/p>\n","protected":false},"excerpt":{"rendered":"<p>Es ist kaum zu glauben, aber viele verbinden mit Office 365 lediglich die \u00fcblichen Office Programme wie z.B. Word, Excel, Power Point und Outlook die monatlich oder j\u00e4hrlich abgerechnet werden und als Cloud Service laufen. Dabei ist Office 365 je<span class=\"ellipsis\">&hellip;<\/span><\/p>\n<div class=\"read-more\"><a href=\"https:\/\/www.polk.at\/extHTML\/wordpress\/\">Weiterlesen \u203a<\/a><\/div>\n<p><!-- end of .read-more --><\/p>\n","protected":false},"author":1,"featured_media":0,"parent":0,"menu_order":0,"comment_status":"closed","ping_status":"closed","template":"full-width-page.php","meta":[],"yoast_head":"<!-- This site is optimized with the Yoast SEO plugin v15.5 - https:\/\/yoast.com\/wordpress\/plugins\/seo\/ -->\n<title>Office 365 - Ing. B\u00fcro Polk - Ing. B\u00fcro Seiler<\/title>\n<meta name=\"robots\" content=\"index, follow, max-snippet:-1, max-image-preview:large, max-video-preview:-1\" \/>\n<link rel=\"canonical\" href=\"http:\/\/www.polk.at\/extHTML\/wordpress\/\" \/>\n<meta property=\"og:locale\" content=\"de_DE\" \/>\n<meta property=\"og:type\" content=\"article\" \/>\n<meta property=\"og:title\" content=\"Office 365 - Ing. B\u00fcro Polk - Ing. B\u00fcro Seiler\" \/>\n<meta property=\"og:description\" content=\"Es ist kaum zu glauben, aber viele verbinden mit Office 365 lediglich die \u00fcblichen Office Programme wie z.B. Word, Excel, Power Point und Outlook die monatlich oder j\u00e4hrlich abgerechnet werden und als Cloud Service laufen. Dabei ist Office 365 je&hellip;Weiterlesen \u203a\" \/>\n<meta property=\"og:url\" content=\"http:\/\/www.polk.at\/extHTML\/wordpress\/\" \/>\n<meta property=\"og:site_name\" content=\"Ing. B\u00fcro Polk - Ing. B\u00fcro Seiler\" \/>\n<meta property=\"article:modified_time\" content=\"2018-03-21T08:51:16+00:00\" \/>\n<meta name=\"twitter:card\" content=\"summary\" \/>\n<meta name=\"twitter:label1\" content=\"Gesch\u00e4tzte Lesezeit\">\n\t<meta name=\"twitter:data1\" content=\"1\u00a0Minute\">\n<script type=\"application\/ld+json\" class=\"yoast-schema-graph\">{\"@context\":\"https:\/\/schema.org\",\"@graph\":[{\"@type\":\"WebSite\",\"@id\":\"https:\/\/www.polk.at\/extHTML\/wordpress\/#website\",\"url\":\"https:\/\/www.polk.at\/extHTML\/wordpress\/\",\"name\":\"Ing. B\\u00fcro Polk - Ing. B\\u00fcro Seiler\",\"description\":\"Ingenieurb\\u00fcro f\\u00fcr innovative EDV Technik\",\"potentialAction\":[{\"@type\":\"SearchAction\",\"target\":\"https:\/\/www.polk.at\/extHTML\/wordpress\/?s={search_term_string}\",\"query-input\":\"required name=search_term_string\"}],\"inLanguage\":\"de\"},{\"@type\":\"WebPage\",\"@id\":\"http:\/\/www.polk.at\/extHTML\/wordpress\/#webpage\",\"url\":\"http:\/\/www.polk.at\/extHTML\/wordpress\/\",\"name\":\"Office 365 - Ing. B\\u00fcro Polk - Ing. B\\u00fcro Seiler\",\"isPartOf\":{\"@id\":\"https:\/\/www.polk.at\/extHTML\/wordpress\/#website\"},\"datePublished\":\"2017-02-28T07:28:57+00:00\",\"dateModified\":\"2018-03-21T08:51:16+00:00\",\"inLanguage\":\"de\",\"potentialAction\":[{\"@type\":\"ReadAction\",\"target\":[\"http:\/\/www.polk.at\/extHTML\/wordpress\/\"]}]}]}<\/script>\n<!-- \/ Yoast SEO plugin. -->","_links":{"self":[{"href":"https:\/\/www.polk.at\/extHTML\/wordpress\/wp-json\/wp\/v2\/pages\/147"}],"collection":[{"href":"https:\/\/www.polk.at\/extHTML\/wordpress\/wp-json\/wp\/v2\/pages"}],"about":[{"href":"https:\/\/www.polk.at\/extHTML\/wordpress\/wp-json\/wp\/v2\/types\/page"}],"author":[{"embeddable":true,"href":"https:\/\/www.polk.at\/extHTML\/wordpress\/wp-json\/wp\/v2\/users\/1"}],"replies":[{"embeddable":true,"href":"https:\/\/www.polk.at\/extHTML\/wordpress\/wp-json\/wp\/v2\/comments?post=147"}],"version-history":[{"count":23,"href":"https:\/\/www.polk.at\/extHTML\/wordpress\/wp-json\/wp\/v2\/pages\/147\/revisions"}],"predecessor-version":[{"id":173,"href":"https:\/\/www.polk.at\/extHTML\/wordpress\/wp-json\/wp\/v2\/pages\/147\/revisions\/173"}],"wp:attachment":[{"href":"https:\/\/www.polk.at\/extHTML\/wordpress\/wp-json\/wp\/v2\/media?parent=147"}],"curies":[{"name":"wp","href":"https:\/\/api.w.org\/{rel}","templated":true}]}}