{"id":25,"date":"2015-07-09T13:55:54","date_gmt":"2015-07-09T11:55:54","guid":{"rendered":"http:\/\/192.168.29.158:8080\/intern\/wordpress\/?page_id=25"},"modified":"2015-08-31T19:13:47","modified_gmt":"2015-08-31T17:13:47","slug":"wir-ueber-uns","status":"publish","type":"page","link":"https:\/\/www.polk.at\/extHTML\/wordpress\/wir-ueber-uns\/","title":{"rendered":"Wir \u00fcber uns"},"content":{"rendered":"<p><strong>25 Jahre kontinuierliche Erfahrung und Erfolg sprechen f\u00fcr sich!<\/strong><\/p>\n<p>Wir haben mit dem Beginn der \u00c4ra des Mikroprozessors f\u00fcr unsere Kunden den Alltag erfolgreicher gemacht, indem wir deren Aufgaben mit diesen neuen Technologien erfolgreich automatisiert haben. Unter anderem wurde eines unserer Produkte als Steuerungszentrale von einem f\u00fchrenden Pumpenhersteller tausendfach in seinen Anlagen verbaut. <\/p>\n<p>Wir haben den Erfolg des Personal Computings miterlebt und\u00a0genutzt, um unsere Ideen einzubringen und diese Phase mit innovativen Ideen, Produkten und Dienstleistungen f\u00fcr unsere Kunden vorteilhaft mitzugestalten.<\/p>\n<p>Wir nutzen seit seinem Bestehen das Internet in all seinen technologischen Facetten. Daher k\u00f6nnen\u00a0wir Sie mit unserem erworbenen Know How optimal unterst\u00fctzen und versetzen\u00a0Sie\u00a0in die Lage\u00a0diese Technologie\u00a0wirtschaftlich sinnvoll einzusetzen\u00a0und sicher\u00a0zu handhaben.<\/p>\n<p>Profitieren Sie von\u00a0unserer langj\u00e4hrigen Erfahrung\u00a0und vertrauen Sie auf unser umfassendes und fach\u00fcbergreifendes Ingenieur-Wissen, welches wir als Partner erfolgreich f\u00fcr Sie einbringen und umsetzen k\u00f6nnen.<\/p>\n<p><a href=\"https:\/\/www.xing.com\/profile\/Wolfgang_Polk\/N1.f262c2\" target=\"_blank\">mehr&#8230;<\/a><\/p>\n","protected":false},"excerpt":{"rendered":"<p>25 Jahre kontinuierliche Erfahrung und Erfolg sprechen f\u00fcr sich! Wir haben mit dem Beginn der \u00c4ra des Mikroprozessors f\u00fcr unsere Kunden den Alltag erfolgreicher gemacht, indem wir deren Aufgaben mit diesen neuen Technologien erfolgreich automatisiert haben. Unter anderem wurde eines<span class=\"ellipsis\">&hellip;<\/span><\/p>\n<div class=\"read-more\"><a href=\"https:\/\/www.polk.at\/extHTML\/wordpress\/wir-ueber-uns\/\">Weiterlesen \u203a<\/a><\/div>\n<p><!-- end of .read-more --><\/p>\n","protected":false},"author":1,"featured_media":0,"parent":0,"menu_order":0,"comment_status":"closed","ping_status":"closed","template":"full-width-page.php","meta":[],"yoast_head":"<!-- This site is optimized with the Yoast SEO plugin v15.5 - https:\/\/yoast.com\/wordpress\/plugins\/seo\/ -->\n<title>Wir \u00fcber uns - Ing. B\u00fcro Polk - Ing. B\u00fcro Seiler<\/title>\n<meta name=\"robots\" content=\"index, follow, max-snippet:-1, max-image-preview:large, max-video-preview:-1\" \/>\n<link rel=\"canonical\" href=\"https:\/\/www.polk.at\/extHTML\/wordpress\/wir-ueber-uns\/\" \/>\n<meta property=\"og:locale\" content=\"de_DE\" \/>\n<meta property=\"og:type\" content=\"article\" \/>\n<meta property=\"og:title\" content=\"Wir \u00fcber uns - Ing. B\u00fcro Polk - Ing. B\u00fcro Seiler\" \/>\n<meta property=\"og:description\" content=\"25 Jahre kontinuierliche Erfahrung und Erfolg sprechen f\u00fcr sich! Wir haben mit dem Beginn der \u00c4ra des Mikroprozessors f\u00fcr unsere Kunden den Alltag erfolgreicher gemacht, indem wir deren Aufgaben mit diesen neuen Technologien erfolgreich automatisiert haben. Unter anderem wurde eines&hellip;Weiterlesen \u203a\" \/>\n<meta property=\"og:url\" content=\"https:\/\/www.polk.at\/extHTML\/wordpress\/wir-ueber-uns\/\" \/>\n<meta property=\"og:site_name\" content=\"Ing. B\u00fcro Polk - Ing. B\u00fcro Seiler\" \/>\n<meta property=\"article:modified_time\" content=\"2015-08-31T17:13:47+00:00\" \/>\n<meta name=\"twitter:card\" content=\"summary\" \/>\n<meta name=\"twitter:label1\" content=\"Gesch\u00e4tzte Lesezeit\">\n\t<meta name=\"twitter:data1\" content=\"1\u00a0Minute\">\n<script type=\"application\/ld+json\" class=\"yoast-schema-graph\">{\"@context\":\"https:\/\/schema.org\",\"@graph\":[{\"@type\":\"WebSite\",\"@id\":\"https:\/\/www.polk.at\/extHTML\/wordpress\/#website\",\"url\":\"https:\/\/www.polk.at\/extHTML\/wordpress\/\",\"name\":\"Ing. B\\u00fcro Polk - Ing. B\\u00fcro Seiler\",\"description\":\"Ingenieurb\\u00fcro f\\u00fcr innovative EDV Technik\",\"potentialAction\":[{\"@type\":\"SearchAction\",\"target\":\"https:\/\/www.polk.at\/extHTML\/wordpress\/?s={search_term_string}\",\"query-input\":\"required name=search_term_string\"}],\"inLanguage\":\"de\"},{\"@type\":\"WebPage\",\"@id\":\"https:\/\/www.polk.at\/extHTML\/wordpress\/wir-ueber-uns\/#webpage\",\"url\":\"https:\/\/www.polk.at\/extHTML\/wordpress\/wir-ueber-uns\/\",\"name\":\"Wir \\u00fcber uns - Ing. B\\u00fcro Polk - Ing. B\\u00fcro Seiler\",\"isPartOf\":{\"@id\":\"https:\/\/www.polk.at\/extHTML\/wordpress\/#website\"},\"datePublished\":\"2015-07-09T11:55:54+00:00\",\"dateModified\":\"2015-08-31T17:13:47+00:00\",\"inLanguage\":\"de\",\"potentialAction\":[{\"@type\":\"ReadAction\",\"target\":[\"https:\/\/www.polk.at\/extHTML\/wordpress\/wir-ueber-uns\/\"]}]}]}<\/script>\n<!-- \/ Yoast SEO plugin. -->","_links":{"self":[{"href":"https:\/\/www.polk.at\/extHTML\/wordpress\/wp-json\/wp\/v2\/pages\/25"}],"collection":[{"href":"https:\/\/www.polk.at\/extHTML\/wordpress\/wp-json\/wp\/v2\/pages"}],"about":[{"href":"https:\/\/www.polk.at\/extHTML\/wordpress\/wp-json\/wp\/v2\/types\/page"}],"author":[{"embeddable":true,"href":"https:\/\/www.polk.at\/extHTML\/wordpress\/wp-json\/wp\/v2\/users\/1"}],"replies":[{"embeddable":true,"href":"https:\/\/www.polk.at\/extHTML\/wordpress\/wp-json\/wp\/v2\/comments?post=25"}],"version-history":[{"count":9,"href":"https:\/\/www.polk.at\/extHTML\/wordpress\/wp-json\/wp\/v2\/pages\/25\/revisions"}],"predecessor-version":[{"id":110,"href":"https:\/\/www.polk.at\/extHTML\/wordpress\/wp-json\/wp\/v2\/pages\/25\/revisions\/110"}],"wp:attachment":[{"href":"https:\/\/www.polk.at\/extHTML\/wordpress\/wp-json\/wp\/v2\/media?parent=25"}],"curies":[{"name":"wp","href":"https:\/\/api.w.org\/{rel}","templated":true}]}}