{"id":28,"date":"2015-07-09T14:07:24","date_gmt":"2015-07-09T12:07:24","guid":{"rendered":"http:\/\/192.168.29.158:8080\/intern\/wordpress\/?page_id=28"},"modified":"2015-07-15T10:18:28","modified_gmt":"2015-07-15T08:18:28","slug":"externe-partner","status":"publish","type":"page","link":"https:\/\/www.polk.at\/extHTML\/wordpress\/externe-partner\/","title":{"rendered":"Externe Partner"},"content":{"rendered":"<p><strong>Externe Partner<\/strong><\/p>\n<p>Das Gebiet der Informationstechnologie mit seinen Produkten und das notwendige Wissen ist vielf\u00e4ltig. F\u00fcr Ing. B\u00fcros und kleinere Unternehmen ist es deshalb unabl\u00e4ssig mit erg\u00e4nzenden Partnern zusammen zu arbeiten. Auch uns ist dies bewusst und wir erg\u00e4nzen unser Portfolio mit externen Partnern.<\/p>\n<p>Liste von ausgew\u00e4hlten Partnern:<\/p>\n<p>1&amp;1 Internet AG Rechenzentrum<br \/>\nAvira GmbH<br \/>\nHaufe-Lexware GmbH<br \/>\nIngram Micro<br \/>\nLenovo GmbH<br \/>\nMircosoft Deutschland GmbH<br \/>\nSchlund Technologies GmbH<\/p>\n","protected":false},"excerpt":{"rendered":"<p>Externe Partner Das Gebiet der Informationstechnologie mit seinen Produkten und das notwendige Wissen ist vielf\u00e4ltig. F\u00fcr Ing. B\u00fcros und kleinere Unternehmen ist es deshalb unabl\u00e4ssig mit erg\u00e4nzenden Partnern zusammen zu arbeiten. Auch uns ist dies bewusst und wir erg\u00e4nzen unser<span class=\"ellipsis\">&hellip;<\/span><\/p>\n<div class=\"read-more\"><a href=\"https:\/\/www.polk.at\/extHTML\/wordpress\/externe-partner\/\">Weiterlesen \u203a<\/a><\/div>\n<p><!-- end of .read-more --><\/p>\n","protected":false},"author":1,"featured_media":0,"parent":0,"menu_order":0,"comment_status":"closed","ping_status":"closed","template":"full-width-page.php","meta":[],"yoast_head":"<!-- This site is optimized with the Yoast SEO plugin v15.5 - https:\/\/yoast.com\/wordpress\/plugins\/seo\/ -->\n<title>Externe Partner - Ing. B\u00fcro Polk - Ing. B\u00fcro Seiler<\/title>\n<meta name=\"robots\" content=\"index, follow, max-snippet:-1, max-image-preview:large, max-video-preview:-1\" \/>\n<link rel=\"canonical\" href=\"https:\/\/www.polk.at\/extHTML\/wordpress\/externe-partner\/\" \/>\n<meta property=\"og:locale\" content=\"de_DE\" \/>\n<meta property=\"og:type\" content=\"article\" \/>\n<meta property=\"og:title\" content=\"Externe Partner - Ing. B\u00fcro Polk - Ing. B\u00fcro Seiler\" \/>\n<meta property=\"og:description\" content=\"Externe Partner Das Gebiet der Informationstechnologie mit seinen Produkten und das notwendige Wissen ist vielf\u00e4ltig. F\u00fcr Ing. B\u00fcros und kleinere Unternehmen ist es deshalb unabl\u00e4ssig mit erg\u00e4nzenden Partnern zusammen zu arbeiten. Auch uns ist dies bewusst und wir erg\u00e4nzen unser&hellip;Weiterlesen \u203a\" \/>\n<meta property=\"og:url\" content=\"https:\/\/www.polk.at\/extHTML\/wordpress\/externe-partner\/\" \/>\n<meta property=\"og:site_name\" content=\"Ing. B\u00fcro Polk - Ing. B\u00fcro Seiler\" \/>\n<meta property=\"article:modified_time\" content=\"2015-07-15T08:18:28+00:00\" \/>\n<meta name=\"twitter:card\" content=\"summary\" \/>\n<meta name=\"twitter:label1\" content=\"Gesch\u00e4tzte Lesezeit\">\n\t<meta name=\"twitter:data1\" content=\"0\u00a0Minuten\">\n<script type=\"application\/ld+json\" class=\"yoast-schema-graph\">{\"@context\":\"https:\/\/schema.org\",\"@graph\":[{\"@type\":\"WebSite\",\"@id\":\"https:\/\/www.polk.at\/extHTML\/wordpress\/#website\",\"url\":\"https:\/\/www.polk.at\/extHTML\/wordpress\/\",\"name\":\"Ing. B\\u00fcro Polk - Ing. B\\u00fcro Seiler\",\"description\":\"Ingenieurb\\u00fcro f\\u00fcr innovative EDV Technik\",\"potentialAction\":[{\"@type\":\"SearchAction\",\"target\":\"https:\/\/www.polk.at\/extHTML\/wordpress\/?s={search_term_string}\",\"query-input\":\"required name=search_term_string\"}],\"inLanguage\":\"de\"},{\"@type\":\"WebPage\",\"@id\":\"https:\/\/www.polk.at\/extHTML\/wordpress\/externe-partner\/#webpage\",\"url\":\"https:\/\/www.polk.at\/extHTML\/wordpress\/externe-partner\/\",\"name\":\"Externe Partner - Ing. B\\u00fcro Polk - Ing. B\\u00fcro Seiler\",\"isPartOf\":{\"@id\":\"https:\/\/www.polk.at\/extHTML\/wordpress\/#website\"},\"datePublished\":\"2015-07-09T12:07:24+00:00\",\"dateModified\":\"2015-07-15T08:18:28+00:00\",\"inLanguage\":\"de\",\"potentialAction\":[{\"@type\":\"ReadAction\",\"target\":[\"https:\/\/www.polk.at\/extHTML\/wordpress\/externe-partner\/\"]}]}]}<\/script>\n<!-- \/ Yoast SEO plugin. -->","_links":{"self":[{"href":"https:\/\/www.polk.at\/extHTML\/wordpress\/wp-json\/wp\/v2\/pages\/28"}],"collection":[{"href":"https:\/\/www.polk.at\/extHTML\/wordpress\/wp-json\/wp\/v2\/pages"}],"about":[{"href":"https:\/\/www.polk.at\/extHTML\/wordpress\/wp-json\/wp\/v2\/types\/page"}],"author":[{"embeddable":true,"href":"https:\/\/www.polk.at\/extHTML\/wordpress\/wp-json\/wp\/v2\/users\/1"}],"replies":[{"embeddable":true,"href":"https:\/\/www.polk.at\/extHTML\/wordpress\/wp-json\/wp\/v2\/comments?post=28"}],"version-history":[{"count":3,"href":"https:\/\/www.polk.at\/extHTML\/wordpress\/wp-json\/wp\/v2\/pages\/28\/revisions"}],"predecessor-version":[{"id":47,"href":"https:\/\/www.polk.at\/extHTML\/wordpress\/wp-json\/wp\/v2\/pages\/28\/revisions\/47"}],"wp:attachment":[{"href":"https:\/\/www.polk.at\/extHTML\/wordpress\/wp-json\/wp\/v2\/media?parent=28"}],"curies":[{"name":"wp","href":"https:\/\/api.w.org\/{rel}","templated":true}]}}