{"id":43,"date":"2015-07-14T21:33:30","date_gmt":"2015-07-14T19:33:30","guid":{"rendered":"http:\/\/192.168.29.158:8080\/intern\/wordpress\/?page_id=43"},"modified":"2015-09-28T14:57:55","modified_gmt":"2015-09-28T12:57:55","slug":"dienstleistung","status":"publish","type":"page","link":"https:\/\/www.polk.at\/extHTML\/wordpress\/dienstleistung\/","title":{"rendered":"Dienstleistung"},"content":{"rendered":"<p>Neben den\u00a0t\u00e4glichen Aufgaben mit der Email Kommunikation bieten wir kompetentes Wissen an, welches Sie f\u00fcr Ihr Unternehmen erfolgreich nutzen k\u00f6nnen. Dar\u00fcberhinaus liegen unsere St\u00e4ken, gerade durch die langj\u00e4hrige Erfahrung im EDV Umfeld, in der Beratung\u00a0und Umsetzung\u00a0komplexer Aufgaben.<\/p>\n<p>Besonderes Fachwissen und\u00a0Kompetenz haben wir in den\u00a0Bereichen:<\/p>\n<ul>\n<li>Serversysteme im Inter- und Intranet\u00a0Linux\/Windows<\/li>\n<li>Security im Internet (Systeme und \u00dcbertragung)<\/li>\n<li>Anwendungen\u00a0f\u00fcr Applikationsserver (J2EE und IIS) mit den zugeh\u00f6rigen Sprachen<\/li>\n<li>Datenbankl\u00f6sungen MS-SQL, mySQL und SQLite<\/li>\n<li>Groupwarel\u00f6sungen (Open Source und Exchange)<\/li>\n<li>CRM L\u00f6sungen (auch Zusatz-Entwicklungen) mit Microsoft Dynamics CRM<\/li>\n<li>Programmierung von L\u00f6sungen mit C#, C\/C++, Java und Anbindung an Datenbankserver<\/li>\n<li>Microsoft Partner f\u00fcr Industrie, Lehre und Bildung<\/li>\n<\/ul>\n","protected":false},"excerpt":{"rendered":"<p>Neben den\u00a0t\u00e4glichen Aufgaben mit der Email Kommunikation bieten wir kompetentes Wissen an, welches Sie f\u00fcr Ihr Unternehmen erfolgreich nutzen k\u00f6nnen. Dar\u00fcberhinaus liegen unsere St\u00e4ken, gerade durch die langj\u00e4hrige Erfahrung im EDV Umfeld, in der Beratung\u00a0und Umsetzung\u00a0komplexer Aufgaben. Besonderes Fachwissen und\u00a0Kompetenz<span class=\"ellipsis\">&hellip;<\/span><\/p>\n<div class=\"read-more\"><a href=\"https:\/\/www.polk.at\/extHTML\/wordpress\/dienstleistung\/\">Weiterlesen \u203a<\/a><\/div>\n<p><!-- end of .read-more --><\/p>\n","protected":false},"author":1,"featured_media":0,"parent":0,"menu_order":0,"comment_status":"closed","ping_status":"closed","template":"full-width-page.php","meta":[],"yoast_head":"<!-- This site is optimized with the Yoast SEO plugin v15.5 - https:\/\/yoast.com\/wordpress\/plugins\/seo\/ -->\n<title>Dienstleistung - Ing. B\u00fcro Polk - Ing. B\u00fcro Seiler<\/title>\n<meta name=\"robots\" content=\"index, follow, max-snippet:-1, max-image-preview:large, max-video-preview:-1\" \/>\n<link rel=\"canonical\" href=\"https:\/\/www.polk.at\/extHTML\/wordpress\/dienstleistung\/\" \/>\n<meta property=\"og:locale\" content=\"de_DE\" \/>\n<meta property=\"og:type\" content=\"article\" \/>\n<meta property=\"og:title\" content=\"Dienstleistung - Ing. B\u00fcro Polk - Ing. B\u00fcro Seiler\" \/>\n<meta property=\"og:description\" content=\"Neben den\u00a0t\u00e4glichen Aufgaben mit der Email Kommunikation bieten wir kompetentes Wissen an, welches Sie f\u00fcr Ihr Unternehmen erfolgreich nutzen k\u00f6nnen. Dar\u00fcberhinaus liegen unsere St\u00e4ken, gerade durch die langj\u00e4hrige Erfahrung im EDV Umfeld, in der Beratung\u00a0und Umsetzung\u00a0komplexer Aufgaben. Besonderes Fachwissen und\u00a0Kompetenz&hellip;Weiterlesen \u203a\" \/>\n<meta property=\"og:url\" content=\"https:\/\/www.polk.at\/extHTML\/wordpress\/dienstleistung\/\" \/>\n<meta property=\"og:site_name\" content=\"Ing. B\u00fcro Polk - Ing. B\u00fcro Seiler\" \/>\n<meta property=\"article:modified_time\" content=\"2015-09-28T12:57:55+00:00\" \/>\n<meta name=\"twitter:card\" content=\"summary\" \/>\n<meta name=\"twitter:label1\" content=\"Gesch\u00e4tzte Lesezeit\">\n\t<meta name=\"twitter:data1\" content=\"0\u00a0Minuten\">\n<script type=\"application\/ld+json\" class=\"yoast-schema-graph\">{\"@context\":\"https:\/\/schema.org\",\"@graph\":[{\"@type\":\"WebSite\",\"@id\":\"https:\/\/www.polk.at\/extHTML\/wordpress\/#website\",\"url\":\"https:\/\/www.polk.at\/extHTML\/wordpress\/\",\"name\":\"Ing. B\\u00fcro Polk - Ing. B\\u00fcro Seiler\",\"description\":\"Ingenieurb\\u00fcro f\\u00fcr innovative EDV Technik\",\"potentialAction\":[{\"@type\":\"SearchAction\",\"target\":\"https:\/\/www.polk.at\/extHTML\/wordpress\/?s={search_term_string}\",\"query-input\":\"required name=search_term_string\"}],\"inLanguage\":\"de\"},{\"@type\":\"WebPage\",\"@id\":\"https:\/\/www.polk.at\/extHTML\/wordpress\/dienstleistung\/#webpage\",\"url\":\"https:\/\/www.polk.at\/extHTML\/wordpress\/dienstleistung\/\",\"name\":\"Dienstleistung - Ing. B\\u00fcro Polk - Ing. B\\u00fcro Seiler\",\"isPartOf\":{\"@id\":\"https:\/\/www.polk.at\/extHTML\/wordpress\/#website\"},\"datePublished\":\"2015-07-14T19:33:30+00:00\",\"dateModified\":\"2015-09-28T12:57:55+00:00\",\"inLanguage\":\"de\",\"potentialAction\":[{\"@type\":\"ReadAction\",\"target\":[\"https:\/\/www.polk.at\/extHTML\/wordpress\/dienstleistung\/\"]}]}]}<\/script>\n<!-- \/ Yoast SEO plugin. -->","_links":{"self":[{"href":"https:\/\/www.polk.at\/extHTML\/wordpress\/wp-json\/wp\/v2\/pages\/43"}],"collection":[{"href":"https:\/\/www.polk.at\/extHTML\/wordpress\/wp-json\/wp\/v2\/pages"}],"about":[{"href":"https:\/\/www.polk.at\/extHTML\/wordpress\/wp-json\/wp\/v2\/types\/page"}],"author":[{"embeddable":true,"href":"https:\/\/www.polk.at\/extHTML\/wordpress\/wp-json\/wp\/v2\/users\/1"}],"replies":[{"embeddable":true,"href":"https:\/\/www.polk.at\/extHTML\/wordpress\/wp-json\/wp\/v2\/comments?post=43"}],"version-history":[{"count":5,"href":"https:\/\/www.polk.at\/extHTML\/wordpress\/wp-json\/wp\/v2\/pages\/43\/revisions"}],"predecessor-version":[{"id":125,"href":"https:\/\/www.polk.at\/extHTML\/wordpress\/wp-json\/wp\/v2\/pages\/43\/revisions\/125"}],"wp:attachment":[{"href":"https:\/\/www.polk.at\/extHTML\/wordpress\/wp-json\/wp\/v2\/media?parent=43"}],"curies":[{"name":"wp","href":"https:\/\/api.w.org\/{rel}","templated":true}]}}