{"id":48,"date":"2015-07-15T10:21:40","date_gmt":"2015-07-15T08:21:40","guid":{"rendered":"http:\/\/192.168.29.158:8080\/intern\/wordpress\/?page_id=48"},"modified":"2015-07-15T10:32:32","modified_gmt":"2015-07-15T08:32:32","slug":"beratung","status":"publish","type":"page","link":"https:\/\/www.polk.at\/extHTML\/wordpress\/beratung\/","title":{"rendered":"Beratung"},"content":{"rendered":"<p>Das Wissen ob und wie ist der entscheidende Faktor f\u00fcr das Gelingen einer Aufgabe in der EDV. Hier ist besondere Kompetenz gefragt und Halbwissen oft t\u00f6dlich f\u00fcr den Erfolg der Umsetzung. Nicht umsonst wurden Ingenieurswissenschaften geschaffen, deren Inhalt Wissen und logisches Denken ist. Gerade dadurch sind wir der ideale Partner f\u00fcr Sie.<\/p>\n<p>Innerhalb unserer Fachgebiete der EDV k\u00f6nnen Sie sicher sein, dass wir unser fundiertes Wissen f\u00fcr Sie einsetzen. Und sollten wir wirklich einmal an unsere Grenzen sto\u00dfen, so kommunizieren wir das und schaffen Abhilfe durch externe Resourcen.<\/p>\n","protected":false},"excerpt":{"rendered":"<p>Das Wissen ob und wie ist der entscheidende Faktor f\u00fcr das Gelingen einer Aufgabe in der EDV. Hier ist besondere Kompetenz gefragt und Halbwissen oft t\u00f6dlich f\u00fcr den Erfolg der Umsetzung. Nicht umsonst wurden Ingenieurswissenschaften geschaffen, deren Inhalt Wissen und<span class=\"ellipsis\">&hellip;<\/span><\/p>\n<div class=\"read-more\"><a href=\"https:\/\/www.polk.at\/extHTML\/wordpress\/beratung\/\">Weiterlesen \u203a<\/a><\/div>\n<p><!-- end of .read-more --><\/p>\n","protected":false},"author":1,"featured_media":0,"parent":0,"menu_order":0,"comment_status":"closed","ping_status":"closed","template":"full-width-page.php","meta":[],"yoast_head":"<!-- This site is optimized with the Yoast SEO plugin v15.5 - https:\/\/yoast.com\/wordpress\/plugins\/seo\/ -->\n<title>Beratung - Ing. B\u00fcro Polk - Ing. B\u00fcro Seiler<\/title>\n<meta name=\"robots\" content=\"index, follow, max-snippet:-1, max-image-preview:large, max-video-preview:-1\" \/>\n<link rel=\"canonical\" href=\"https:\/\/www.polk.at\/extHTML\/wordpress\/beratung\/\" \/>\n<meta property=\"og:locale\" content=\"de_DE\" \/>\n<meta property=\"og:type\" content=\"article\" \/>\n<meta property=\"og:title\" content=\"Beratung - Ing. B\u00fcro Polk - Ing. B\u00fcro Seiler\" \/>\n<meta property=\"og:description\" content=\"Das Wissen ob und wie ist der entscheidende Faktor f\u00fcr das Gelingen einer Aufgabe in der EDV. Hier ist besondere Kompetenz gefragt und Halbwissen oft t\u00f6dlich f\u00fcr den Erfolg der Umsetzung. Nicht umsonst wurden Ingenieurswissenschaften geschaffen, deren Inhalt Wissen und&hellip;Weiterlesen \u203a\" \/>\n<meta property=\"og:url\" content=\"https:\/\/www.polk.at\/extHTML\/wordpress\/beratung\/\" \/>\n<meta property=\"og:site_name\" content=\"Ing. B\u00fcro Polk - Ing. B\u00fcro Seiler\" \/>\n<meta property=\"article:modified_time\" content=\"2015-07-15T08:32:32+00:00\" \/>\n<meta name=\"twitter:card\" content=\"summary\" \/>\n<meta name=\"twitter:label1\" content=\"Gesch\u00e4tzte Lesezeit\">\n\t<meta name=\"twitter:data1\" content=\"0\u00a0Minuten\">\n<script type=\"application\/ld+json\" class=\"yoast-schema-graph\">{\"@context\":\"https:\/\/schema.org\",\"@graph\":[{\"@type\":\"WebSite\",\"@id\":\"https:\/\/www.polk.at\/extHTML\/wordpress\/#website\",\"url\":\"https:\/\/www.polk.at\/extHTML\/wordpress\/\",\"name\":\"Ing. B\\u00fcro Polk - Ing. B\\u00fcro Seiler\",\"description\":\"Ingenieurb\\u00fcro f\\u00fcr innovative EDV Technik\",\"potentialAction\":[{\"@type\":\"SearchAction\",\"target\":\"https:\/\/www.polk.at\/extHTML\/wordpress\/?s={search_term_string}\",\"query-input\":\"required name=search_term_string\"}],\"inLanguage\":\"de\"},{\"@type\":\"WebPage\",\"@id\":\"https:\/\/www.polk.at\/extHTML\/wordpress\/beratung\/#webpage\",\"url\":\"https:\/\/www.polk.at\/extHTML\/wordpress\/beratung\/\",\"name\":\"Beratung - Ing. B\\u00fcro Polk - Ing. B\\u00fcro Seiler\",\"isPartOf\":{\"@id\":\"https:\/\/www.polk.at\/extHTML\/wordpress\/#website\"},\"datePublished\":\"2015-07-15T08:21:40+00:00\",\"dateModified\":\"2015-07-15T08:32:32+00:00\",\"inLanguage\":\"de\",\"potentialAction\":[{\"@type\":\"ReadAction\",\"target\":[\"https:\/\/www.polk.at\/extHTML\/wordpress\/beratung\/\"]}]}]}<\/script>\n<!-- \/ Yoast SEO plugin. -->","_links":{"self":[{"href":"https:\/\/www.polk.at\/extHTML\/wordpress\/wp-json\/wp\/v2\/pages\/48"}],"collection":[{"href":"https:\/\/www.polk.at\/extHTML\/wordpress\/wp-json\/wp\/v2\/pages"}],"about":[{"href":"https:\/\/www.polk.at\/extHTML\/wordpress\/wp-json\/wp\/v2\/types\/page"}],"author":[{"embeddable":true,"href":"https:\/\/www.polk.at\/extHTML\/wordpress\/wp-json\/wp\/v2\/users\/1"}],"replies":[{"embeddable":true,"href":"https:\/\/www.polk.at\/extHTML\/wordpress\/wp-json\/wp\/v2\/comments?post=48"}],"version-history":[{"count":1,"href":"https:\/\/www.polk.at\/extHTML\/wordpress\/wp-json\/wp\/v2\/pages\/48\/revisions"}],"predecessor-version":[{"id":49,"href":"https:\/\/www.polk.at\/extHTML\/wordpress\/wp-json\/wp\/v2\/pages\/48\/revisions\/49"}],"wp:attachment":[{"href":"https:\/\/www.polk.at\/extHTML\/wordpress\/wp-json\/wp\/v2\/media?parent=48"}],"curies":[{"name":"wp","href":"https:\/\/api.w.org\/{rel}","templated":true}]}}