{"id":51,"date":"2015-07-15T10:27:41","date_gmt":"2015-07-15T08:27:41","guid":{"rendered":"http:\/\/192.168.29.158:8080\/intern\/wordpress\/?page_id=51"},"modified":"2015-07-25T16:30:30","modified_gmt":"2015-07-25T14:30:30","slug":"internet-security","status":"publish","type":"page","link":"https:\/\/www.polk.at\/extHTML\/wordpress\/internet-security\/","title":{"rendered":"Internet Security"},"content":{"rendered":"<p>Wir arbeiten seit Jahren als hochqualifizierter Internetdienstleister und verf\u00fcgen dementsprechend \u00fcber gro\u00dfe Erfahrung im Bereich Internet Sicherheit. F\u00fcr unsere origin\u00e4ren Aufgaben recherchieren wir den Hauptteil aller f\u00fcr uns relevanten Informationen aus dem Internet.<\/p>\n<p>Wir\u00a0sto\u00dfen dabei\u00a0oft auf Systeme, die erhebliche Sicherheitsm\u00e4ngel aufweisen und diese den Verantwortlichen mit Sicherheit nicht\u00a0bekannt sind. Sonst g\u00e4be es sie\u00a0nicht!<\/p>\n<p>Wir wollen dar\u00fcber informieren, da gravierende Nachteile f\u00fcr den Betreiber entstehen k\u00f6nnen. Da uns die h\u00e4ufigen Ursachen (n\u00e4mlich u.a. mangelndes Fachwissen oder Schlampigkeit) ein Dorn im Auge sind, machen wir dies nicht unentgeltlich. Wir\u00a0betonen aber, dass dies nicht unser Hauptgesch\u00e4ft ist.<\/p>\n<p>Nachdem wir auf die Sicherheitsl\u00fccke aufmerksam gemacht haben, bleibt es dem Websitebetreiber \u00fcberlassen, wie er damit umgeht. Es ist in der Regel ein Leichtes diese Sicherheitsprobleme zu eliminieren. Nat\u00fcrlich kann das Problem\u00a0-die Nadel im Heuhaufen- auch\u00a0zeitaufwendig\u00a0gesucht werden. Wir sind jedoch \u00fcberzeugt, dass die Kosten f\u00fcr die aufzuwendende\u00a0Zeit\u00a0erheblich h\u00f6her sind.<\/p>\n","protected":false},"excerpt":{"rendered":"<p>Wir arbeiten seit Jahren als hochqualifizierter Internetdienstleister und verf\u00fcgen dementsprechend \u00fcber gro\u00dfe Erfahrung im Bereich Internet Sicherheit. F\u00fcr unsere origin\u00e4ren Aufgaben recherchieren wir den Hauptteil aller f\u00fcr uns relevanten Informationen aus dem Internet. Wir\u00a0sto\u00dfen dabei\u00a0oft auf Systeme, die erhebliche Sicherheitsm\u00e4ngel<span class=\"ellipsis\">&hellip;<\/span><\/p>\n<div class=\"read-more\"><a href=\"https:\/\/www.polk.at\/extHTML\/wordpress\/internet-security\/\">Weiterlesen \u203a<\/a><\/div>\n<p><!-- end of .read-more --><\/p>\n","protected":false},"author":1,"featured_media":0,"parent":0,"menu_order":0,"comment_status":"closed","ping_status":"closed","template":"full-width-page.php","meta":[],"yoast_head":"<!-- This site is optimized with the Yoast SEO plugin v15.5 - https:\/\/yoast.com\/wordpress\/plugins\/seo\/ -->\n<title>Internet Security - Ing. B\u00fcro Polk - Ing. B\u00fcro Seiler<\/title>\n<meta name=\"robots\" content=\"index, follow, max-snippet:-1, max-image-preview:large, max-video-preview:-1\" \/>\n<link rel=\"canonical\" href=\"https:\/\/www.polk.at\/extHTML\/wordpress\/internet-security\/\" \/>\n<meta property=\"og:locale\" content=\"de_DE\" \/>\n<meta property=\"og:type\" content=\"article\" \/>\n<meta property=\"og:title\" content=\"Internet Security - Ing. B\u00fcro Polk - Ing. B\u00fcro Seiler\" \/>\n<meta property=\"og:description\" content=\"Wir arbeiten seit Jahren als hochqualifizierter Internetdienstleister und verf\u00fcgen dementsprechend \u00fcber gro\u00dfe Erfahrung im Bereich Internet Sicherheit. F\u00fcr unsere origin\u00e4ren Aufgaben recherchieren wir den Hauptteil aller f\u00fcr uns relevanten Informationen aus dem Internet. Wir\u00a0sto\u00dfen dabei\u00a0oft auf Systeme, die erhebliche Sicherheitsm\u00e4ngel&hellip;Weiterlesen \u203a\" \/>\n<meta property=\"og:url\" content=\"https:\/\/www.polk.at\/extHTML\/wordpress\/internet-security\/\" \/>\n<meta property=\"og:site_name\" content=\"Ing. B\u00fcro Polk - Ing. B\u00fcro Seiler\" \/>\n<meta property=\"article:modified_time\" content=\"2015-07-25T14:30:30+00:00\" \/>\n<meta name=\"twitter:card\" content=\"summary\" \/>\n<meta name=\"twitter:label1\" content=\"Gesch\u00e4tzte Lesezeit\">\n\t<meta name=\"twitter:data1\" content=\"1\u00a0Minute\">\n<script type=\"application\/ld+json\" class=\"yoast-schema-graph\">{\"@context\":\"https:\/\/schema.org\",\"@graph\":[{\"@type\":\"WebSite\",\"@id\":\"https:\/\/www.polk.at\/extHTML\/wordpress\/#website\",\"url\":\"https:\/\/www.polk.at\/extHTML\/wordpress\/\",\"name\":\"Ing. B\\u00fcro Polk - Ing. B\\u00fcro Seiler\",\"description\":\"Ingenieurb\\u00fcro f\\u00fcr innovative EDV Technik\",\"potentialAction\":[{\"@type\":\"SearchAction\",\"target\":\"https:\/\/www.polk.at\/extHTML\/wordpress\/?s={search_term_string}\",\"query-input\":\"required name=search_term_string\"}],\"inLanguage\":\"de\"},{\"@type\":\"WebPage\",\"@id\":\"https:\/\/www.polk.at\/extHTML\/wordpress\/internet-security\/#webpage\",\"url\":\"https:\/\/www.polk.at\/extHTML\/wordpress\/internet-security\/\",\"name\":\"Internet Security - Ing. B\\u00fcro Polk - Ing. B\\u00fcro Seiler\",\"isPartOf\":{\"@id\":\"https:\/\/www.polk.at\/extHTML\/wordpress\/#website\"},\"datePublished\":\"2015-07-15T08:27:41+00:00\",\"dateModified\":\"2015-07-25T14:30:30+00:00\",\"inLanguage\":\"de\",\"potentialAction\":[{\"@type\":\"ReadAction\",\"target\":[\"https:\/\/www.polk.at\/extHTML\/wordpress\/internet-security\/\"]}]}]}<\/script>\n<!-- \/ Yoast SEO plugin. -->","_links":{"self":[{"href":"https:\/\/www.polk.at\/extHTML\/wordpress\/wp-json\/wp\/v2\/pages\/51"}],"collection":[{"href":"https:\/\/www.polk.at\/extHTML\/wordpress\/wp-json\/wp\/v2\/pages"}],"about":[{"href":"https:\/\/www.polk.at\/extHTML\/wordpress\/wp-json\/wp\/v2\/types\/page"}],"author":[{"embeddable":true,"href":"https:\/\/www.polk.at\/extHTML\/wordpress\/wp-json\/wp\/v2\/users\/1"}],"replies":[{"embeddable":true,"href":"https:\/\/www.polk.at\/extHTML\/wordpress\/wp-json\/wp\/v2\/comments?post=51"}],"version-history":[{"count":3,"href":"https:\/\/www.polk.at\/extHTML\/wordpress\/wp-json\/wp\/v2\/pages\/51\/revisions"}],"predecessor-version":[{"id":89,"href":"https:\/\/www.polk.at\/extHTML\/wordpress\/wp-json\/wp\/v2\/pages\/51\/revisions\/89"}],"wp:attachment":[{"href":"https:\/\/www.polk.at\/extHTML\/wordpress\/wp-json\/wp\/v2\/media?parent=51"}],"curies":[{"name":"wp","href":"https:\/\/api.w.org\/{rel}","templated":true}]}}